{"id":91,"date":"2016-05-19T20:04:38","date_gmt":"2016-05-19T18:04:38","guid":{"rendered":"http:\/\/prueba.noticias20.com\/wp\/?page_id=91"},"modified":"2025-01-29T12:35:34","modified_gmt":"2025-01-29T11:35:34","slug":"cursos-de-idiomas-para-ninos","status":"publish","type":"page","link":"https:\/\/konigin.es\/?page_id=91&lang=es","title":{"rendered":"Cursos de idiomas para ni\u00f1os"},"content":{"rendered":"<p style=\"text-align: justify;\"><a href=\"https:\/\/konigin.es\/wp\/wp-content\/uploads\/2016\/05\/idiomas_ninos.jpg\"><img loading=\"lazy\" decoding=\"async\" class=\"aligncenter wp-image-98 size-full\" src=\"https:\/\/konigin.es\/wp\/wp-content\/uploads\/2016\/05\/idiomas_ninos.jpg\" alt=\"idiomas_ninos\" width=\"1200\" height=\"598\" srcset=\"https:\/\/konigin.es\/wp\/wp-content\/uploads\/2016\/05\/idiomas_ninos.jpg 1200w, https:\/\/konigin.es\/wp\/wp-content\/uploads\/2016\/05\/idiomas_ninos-300x150.jpg 300w, https:\/\/konigin.es\/wp\/wp-content\/uploads\/2016\/05\/idiomas_ninos-768x383.jpg 768w, https:\/\/konigin.es\/wp\/wp-content\/uploads\/2016\/05\/idiomas_ninos-1024x510.jpg 1024w\" sizes=\"auto, (max-width: 1200px) 100vw, 1200px\" \/><\/a><\/p>\n<p style=\"text-align: justify;\">\u00bfSab\u00edas que la infancia es periodo ideal para el aprendizaje de lenguas? La mayor plasticidad del cerebro posibilita que los ni\u00f1os asimilen un nuevo idioma m\u00e1s f\u00e1cilmente que los adultos. Centro de Estudios K\u00f6nigin posibilita que los ni\u00f1os aprovechen todo su potencial y desarrollen al m\u00e1ximo sus capacidades ling\u00fc\u00edsticas, con una metodolog\u00eda basada en el juego y adaptada a cada edad, con el fin de consolidar una buena base y despertar su curiosidad por el aprendizaje de idiomas.<\/p>\n<p style=\"text-align: justify;\"><style> \/* simple flat #94 *\/#ptp-94{border-color:#ddd;padding:0;margin-left:0;margin-right:0}#ptp-94 div.ptp-item-container{border-radius:10px}#ptp-94 div.ptp-item-container div{margin:0}#ptp-94 .ptp-highlight div.ptp-item-container{border-color:#ddd}#ptp-94 div.ptp-plan{border-top-right-radius:10px;border-top-left-radius:10px;font-size:1em;border-color:#ddd;background-color:#ddd;color:#333;padding:.9375em 1.25em}#ptp-94 div.ptp-plan .has-tip{border-bottom:dotted 1px #333;color:#333}#ptp-94 .ptp-highlight div.ptp-plan{border-color:#ddd;background-color:#ddd;color:#333}#ptp-94 .ptp-highlight div.ptp-plan .has-tip{border-bottom:dotted 1px #333;color:#333}#ptp-94 div.ptp-price{font-size:1.25em;background-color:#eee;color:#333;padding:.9375em 1.25em}#ptp-94 div.ptp-price .has-tip{border-bottom:dotted 1px #333;color:#333}#ptp-94 .ptp-highlight div.ptp-price{background-color:#eee;color:#333}#ptp-94 .ptp-highlight div.ptp-price .has-tip{border-bottom:dotted 1px #333;color:#333}#ptp-94 div.ptp-cta{border-bottom-right-radius:10px;border-bottom-left-radius:10px;background-color:#eee;padding-top:1.25em;padding-bottom:1.25em}#ptp-94 .ptp-highlight div.ptp-cta{background-color:#eee}#ptp-94 a.ptp-button{border-radius:10px;font-size:1em;color:#fff;background-color:#d79632;border-bottom:#d79632 4px solid;margin:0}#ptp-94 a.ptp-button .has-tip,#ptp-94 a.ptp-button:hover .has-tip{border-bottom:dotted 1px #fff;color:#fff}#ptp-94 a.ptp-button:hover{background-color:#ffc03a}#ptp-94 div.ptp-bullet-item{color:#333;background-color:#fff;font-size:.875em;border-color:#ddd;padding:.9375em .5em .9375em .5em}#ptp-94 .ptp-highlight .ptp-bullet-item{color:#333;border-color:#ddd;background-color:#fff}#ptp-94 .ptp-highlight a.ptp-button{color:#fff;background-color:#e74c3c;border-bottom:#c0392b 4px solid}#ptp-94 .ptp-highlight a.ptp-button:hover{background-color:#c0392b}#ptp-94 .ptp-highlight a.ptp-button .has-tip{border-bottom:dotted 1px #fff;color:#fff}#ptp-94 div.ptp-most-popular{border-radius:10px;font-size:.9em;background-color:#7f8c8d;color:#fff;border:1px solid #7f8c8d}\/* end of simple flat #94 *\/<\/style>        <script type=\"text\/javascript\">\n         jQuery(document).ready(function($) {\n            jQuery.call_match_height_94 = function call_match_height_design1(ptp_id) {\n                                $( ptp_id+' .ptp-plan' ).matchHeight(false); \n                                $( ptp_id+' .ptp-cta' ).matchHeight(false); \n                                $( ptp_id+' .ptp-price' ).matchHeight(false);\n                                $( ptp_id+' .ptp-button' ).matchHeight(false);\n\n                                $( ptp_id+' .ptp-bullet-item' ).each(function( index ){\n                                    $( ptp_id+' .ptp-row-id-'+index ).matchHeight(false);\n             \n                                });  \n                         }\n            var ptp_id = '#ptp-'+94 ;\n            $.call_match_height_94 ( ptp_id );              \n         });\n      <\/script>\n      \n        <div id=\"ptp-94\" class=\"ptp-pricing-table\" ><div class=\"ptp-col ptp-three-col  ptp-col-id-0 dh-ptp-col-id-0\"><div class=\"ptp-not-most-popular\">&nbsp;<\/div><div class=\"ptp-item-container\"><div class=\"ptp-plan\">Ingl\u00e9s j\u00fanior<\/div><div class=\"ptp-price\">1 hora\/d\u00eda<\/div><div class=\"ptp-bullet-item ptp-row-id-0\">8 horas al mes\r<\/div><div class=\"ptp-bullet-item ptp-row-id-1\">Frecuencia: 2 d\u00edas a la semana\r<\/div><div class=\"ptp-bullet-item ptp-row-id-2\">Duraci\u00f3n: 10 meses (sep-jun)<\/div><div class=\"ptp-cta\"><a class=\"ptp-button ptp-checkout-button\" id=\"ptp-94-cta-0\"  href=\"http:\/\/konigin.es\/?page_id=79&#038;lang=es\" >+ Info<\/a><\/div><\/div><\/div><div class=\"ptp-col ptp-three-col  ptp-col-id-1 dh-ptp-col-id-1\"><div class=\"ptp-not-most-popular\">&nbsp;<\/div><div class=\"ptp-item-container\"><div class=\"ptp-plan\">Ingl\u00e9s para adolescentes<\/div><div class=\"ptp-price\">1 hora\/d\u00eda<\/div><div class=\"ptp-bullet-item ptp-row-id-0\">8 horas al mes\r<\/div><div class=\"ptp-bullet-item ptp-row-id-1\">Frecuencia: 2 d\u00edas a la semana\r<\/div><div class=\"ptp-bullet-item ptp-row-id-2\">Duraci\u00f3n: 12 semanas<\/div><div class=\"ptp-cta\"><a class=\"ptp-button ptp-checkout-button\" id=\"ptp-94-cta-1\"  href=\"http:\/\/konigin.es\/?page_id=79&#038;lang=es\" >+ Info<\/a><\/div><\/div><\/div><div class=\"ptp-col ptp-three-col  ptp-col-id-2 dh-ptp-col-id-2\"><div class=\"ptp-not-most-popular\">&nbsp;<\/div><div class=\"ptp-item-container\"><div class=\"ptp-plan\">Clases privadas<\/div><div class=\"ptp-price\">Personalizadas<\/div><div class=\"ptp-bullet-item ptp-row-id-0\">Libre elecci\u00f3n de fechas y horarios\r<\/div><div class=\"ptp-bullet-item ptp-row-id-1\">Frecuencia: personalizada\r<\/div><div class=\"ptp-bullet-item ptp-row-id-2\">Duraci\u00f3n: personalizada<\/div><div class=\"ptp-cta\"><a class=\"ptp-button ptp-checkout-button\" id=\"ptp-94-cta-2\"  href=\"http:\/\/konigin.es\/?page_id=79&#038;lang=es\" >+ Info<\/a><\/div><\/div><\/div><\/div><\/p>\n","protected":false},"excerpt":{"rendered":"<p>\u00bfSab\u00edas que la infancia es periodo ideal para el aprendizaje de lenguas? La mayor plasticidad del cerebro posibilita que los [&hellip;]<\/p>\n","protected":false},"author":1,"featured_media":98,"parent":0,"menu_order":0,"comment_status":"closed","ping_status":"closed","template":"","meta":{"site-sidebar-layout":"default","site-content-layout":"","ast-site-content-layout":"","site-content-style":"default","site-sidebar-style":"default","ast-global-header-display":"","ast-banner-title-visibility":"","ast-main-header-display":"","ast-hfb-above-header-display":"","ast-hfb-below-header-display":"","ast-hfb-mobile-header-display":"","site-post-title":"","ast-breadcrumbs-content":"","ast-featured-img":"disabled","footer-sml-layout":"","theme-transparent-header-meta":"","adv-header-id-meta":"","stick-header-meta":"","header-above-stick-meta":"","header-main-stick-meta":"","header-below-stick-meta":"","astra-migrate-meta-layouts":"default","ast-page-background-enabled":"default","ast-page-background-meta":{"desktop":{"background-color":"var(--ast-global-color-4)","background-image":"","background-repeat":"repeat","background-position":"center center","background-size":"auto","background-attachment":"scroll","background-type":"","background-media":"","overlay-type":"","overlay-color":"","overlay-opacity":"","overlay-gradient":""},"tablet":{"background-color":"","background-image":"","background-repeat":"repeat","background-position":"center center","background-size":"auto","background-attachment":"scroll","background-type":"","background-media":"","overlay-type":"","overlay-color":"","overlay-opacity":"","overlay-gradient":""},"mobile":{"background-color":"","background-image":"","background-repeat":"repeat","background-position":"center center","background-size":"auto","background-attachment":"scroll","background-type":"","background-media":"","overlay-type":"","overlay-color":"","overlay-opacity":"","overlay-gradient":""}},"ast-content-background-meta":{"desktop":{"background-color":"var(--ast-global-color-5)","background-image":"","background-repeat":"repeat","background-position":"center center","background-size":"auto","background-attachment":"scroll","background-type":"","background-media":"","overlay-type":"","overlay-color":"","overlay-opacity":"","overlay-gradient":""},"tablet":{"background-color":"var(--ast-global-color-5)","background-image":"","background-repeat":"repeat","background-position":"center center","background-size":"auto","background-attachment":"scroll","background-type":"","background-media":"","overlay-type":"","overlay-color":"","overlay-opacity":"","overlay-gradient":""},"mobile":{"background-color":"var(--ast-global-color-5)","background-image":"","background-repeat":"repeat","background-position":"center center","background-size":"auto","background-attachment":"scroll","background-type":"","background-media":"","overlay-type":"","overlay-color":"","overlay-opacity":"","overlay-gradient":""}},"footnotes":""},"class_list":["post-91","page","type-page","status-publish","has-post-thumbnail","hentry"],"_links":{"self":[{"href":"https:\/\/konigin.es\/index.php?rest_route=\/wp\/v2\/pages\/91","targetHints":{"allow":["GET"]}}],"collection":[{"href":"https:\/\/konigin.es\/index.php?rest_route=\/wp\/v2\/pages"}],"about":[{"href":"https:\/\/konigin.es\/index.php?rest_route=\/wp\/v2\/types\/page"}],"author":[{"embeddable":true,"href":"https:\/\/konigin.es\/index.php?rest_route=\/wp\/v2\/users\/1"}],"replies":[{"embeddable":true,"href":"https:\/\/konigin.es\/index.php?rest_route=%2Fwp%2Fv2%2Fcomments&post=91"}],"version-history":[{"count":5,"href":"https:\/\/konigin.es\/index.php?rest_route=\/wp\/v2\/pages\/91\/revisions"}],"predecessor-version":[{"id":3025,"href":"https:\/\/konigin.es\/index.php?rest_route=\/wp\/v2\/pages\/91\/revisions\/3025"}],"wp:featuredmedia":[{"embeddable":true,"href":"https:\/\/konigin.es\/index.php?rest_route=\/wp\/v2\/media\/98"}],"wp:attachment":[{"href":"https:\/\/konigin.es\/index.php?rest_route=%2Fwp%2Fv2%2Fmedia&parent=91"}],"curies":[{"name":"wp","href":"https:\/\/api.w.org\/{rel}","templated":true}]}}