{"id":86,"date":"2016-05-19T19:54:59","date_gmt":"2016-05-19T17:54:59","guid":{"rendered":"http:\/\/prueba.noticias20.com\/wp\/?page_id=86"},"modified":"2025-01-29T12:35:25","modified_gmt":"2025-01-29T11:35:25","slug":"cursos-de-idiomas","status":"publish","type":"page","link":"https:\/\/konigin.es\/?page_id=86&lang=es","title":{"rendered":"Cursos de idiomas"},"content":{"rendered":"<p style=\"text-align: justify;\"><a href=\"https:\/\/konigin.es\/wp\/wp-content\/uploads\/2016\/05\/idiomas.jpg\"><img loading=\"lazy\" decoding=\"async\" class=\"alignnone wp-image-103 size-full\" src=\"https:\/\/konigin.es\/wp\/wp-content\/uploads\/2016\/05\/idiomas.jpg\" alt=\"idiomas\" width=\"1200\" height=\"500\" srcset=\"https:\/\/konigin.es\/wp\/wp-content\/uploads\/2016\/05\/idiomas.jpg 1200w, https:\/\/konigin.es\/wp\/wp-content\/uploads\/2016\/05\/idiomas-300x125.jpg 300w, https:\/\/konigin.es\/wp\/wp-content\/uploads\/2016\/05\/idiomas-768x320.jpg 768w, https:\/\/konigin.es\/wp\/wp-content\/uploads\/2016\/05\/idiomas-1024x427.jpg 1024w\" sizes=\"auto, (max-width: 1200px) 100vw, 1200px\" \/><\/a><\/p>\n<p style=\"text-align: justify;\">Ingl\u00e9s, alem\u00e1n, ruso, franc\u00e9s&#8230; \u00a1No pierdas otra oportunidad laboral por los idiomas! Centro de Estudios K\u00f6nigin Torrevieja te garantiza que estar\u00e1s hablando la lengua extranjera de tu elecci\u00f3n en pocas semanas.<\/p>\n<h3>Metodolog\u00eda y caracter\u00edsticas<\/h3>\n<p style=\"text-align: justify;\">\u2022 <strong>Avanzadas T\u00e9cnicas Pedag\u00f3gicas<\/strong>. Evitamos la simple transmisi\u00f3n de contenidos gramaticales y estimulamos su capacidad para memorizar y asimilar (Se hacen test peri\u00f3dicos).<\/p>\n<p style=\"text-align: justify;\">\u2022 <strong>Ense\u00f1anza Individualizada<\/strong>. Nuestro especial sistema pedag\u00f3gico permite impartir los cursos en grupo, sin dejar de ser una ense\u00f1anza individualizada.<\/p>\n<p style=\"text-align: justify;\">\u2022 <strong>Sin Necesidad de conocimientos previos<\/strong>. Partiendo desde cero, comprender\u00e1 perfectamente toda la materia.<\/p>\n<p style=\"text-align: justify;\">`\u2022 <strong>Aplicaci\u00f3n Inmediata<\/strong>. Utilizar\u00e1 con \u00e9xito en su actividad profesional, y sin esfuerzo, todo lo aprendido.<\/p>\n<p style=\"text-align: justify;\">\u2022 <strong>Grupos Reducidos<\/strong>. El sistema pedag\u00f3gico de nuestros cursos exige plazas limitadas.<\/p>\n<h3 style=\"text-align: justify;\">Ingl\u00e9s con profesor nativo<\/h3>\n<p style=\"text-align: justify;\">Est\u00e1 recomendado para estudiantes que tienen nivel inicial o elemental. Pero tambi\u00e9n es apropiado para estudiante de niveles m\u00e1s altos que quieren mejorar sus conocimientos, pronunciaci\u00f3n y expresarse con fluidez.<\/p>\n<p>\u2022 <strong>M\u00e9todo comunicativo<\/strong>. Clases participativas.<\/p>\n<p>\u2022 <strong>Expresi\u00f3n oral y escrita<\/strong>. Comprensi\u00f3n lectora y auditiva.<\/p>\n<p>\u2022 <strong>Grupos por niveles<\/strong>. Prueba de nivel, con el fin de que cada estudiante siga las clases m\u00e1s adecuadas.<\/p>\n<p>\u2022 <strong>M\u00e1ximo 8 alumnos por grupo<\/strong>. En la clase se habla exclusivamente en ingl\u00e9s.<\/p>\n<style> \/* simple flat #88 *\/#ptp-88{border-color:#ddd;padding:0;margin-left:0;margin-right:0}#ptp-88 div.ptp-item-container{border-radius:10px}#ptp-88 div.ptp-item-container div{margin:0}#ptp-88 .ptp-highlight div.ptp-item-container{border-color:#ddd}#ptp-88 div.ptp-plan{border-top-right-radius:10px;border-top-left-radius:10px;font-size:1em;border-color:#ddd;background-color:#ddd;color:#333;padding:.9375em 1.25em}#ptp-88 div.ptp-plan .has-tip{border-bottom:dotted 1px #333;color:#333}#ptp-88 .ptp-highlight div.ptp-plan{border-color:#ddd;background-color:#ddd;color:#333}#ptp-88 .ptp-highlight div.ptp-plan .has-tip{border-bottom:dotted 1px #333;color:#333}#ptp-88 div.ptp-price{font-size:1.25em;background-color:#eee;color:#333;padding:.9375em 1.25em}#ptp-88 div.ptp-price .has-tip{border-bottom:dotted 1px #333;color:#333}#ptp-88 .ptp-highlight div.ptp-price{background-color:#eee;color:#333}#ptp-88 .ptp-highlight div.ptp-price .has-tip{border-bottom:dotted 1px #333;color:#333}#ptp-88 div.ptp-cta{border-bottom-right-radius:10px;border-bottom-left-radius:10px;background-color:#eee;padding-top:1.25em;padding-bottom:1.25em}#ptp-88 .ptp-highlight div.ptp-cta{background-color:#eee}#ptp-88 a.ptp-button{border-radius:10px;font-size:1em;color:#fff;background-color:#d79632;border-bottom:#d79632 4px solid;margin:0}#ptp-88 a.ptp-button .has-tip,#ptp-88 a.ptp-button:hover .has-tip{border-bottom:dotted 1px #fff;color:#fff}#ptp-88 a.ptp-button:hover{background-color:#ffc03a}#ptp-88 div.ptp-bullet-item{color:#333;background-color:#fff;font-size:.875em;border-color:#ddd;padding:.9375em .5em .9375em .5em}#ptp-88 .ptp-highlight .ptp-bullet-item{color:#333;border-color:#ddd;background-color:#fff}#ptp-88 .ptp-highlight a.ptp-button{color:#fff;background-color:#e74c3c;border-bottom:#c0392b 4px solid}#ptp-88 .ptp-highlight a.ptp-button:hover{background-color:#c0392b}#ptp-88 .ptp-highlight a.ptp-button .has-tip{border-bottom:dotted 1px #fff;color:#fff}#ptp-88 div.ptp-most-popular{border-radius:10px;font-size:.9em;background-color:#7f8c8d;color:#fff;border:1px solid #7f8c8d}\/* end of simple flat #88 *\/<\/style>        <script type=\"text\/javascript\">\n         jQuery(document).ready(function($) {\n            jQuery.call_match_height_88 = function call_match_height_design1(ptp_id) {\n                                $( ptp_id+' .ptp-plan' ).matchHeight(false); \n                                $( ptp_id+' .ptp-cta' ).matchHeight(false); \n                                $( ptp_id+' .ptp-price' ).matchHeight(false);\n                                $( ptp_id+' .ptp-button' ).matchHeight(false);\n\n                                $( ptp_id+' .ptp-bullet-item' ).each(function( index ){\n                                    $( ptp_id+' .ptp-row-id-'+index ).matchHeight(false);\n             \n                                });  \n                         }\n            var ptp_id = '#ptp-'+88 ;\n            $.call_match_height_88 ( ptp_id );              \n         });\n      <\/script>\n      \n        <div id=\"ptp-88\" class=\"ptp-pricing-table\" ><div class=\"ptp-col ptp-four-col  ptp-col-id-0 dh-ptp-col-id-0\"><div class=\"ptp-not-most-popular\">&nbsp;<\/div><div class=\"ptp-item-container\"><div class=\"ptp-plan\">Curso est\u00e1ndar<\/div><div class=\"ptp-price\">1,5 horas\/d\u00eda<\/div><div class=\"ptp-bullet-item ptp-row-id-0\">12 horas al mes\r<\/div><div class=\"ptp-bullet-item ptp-row-id-1\">Frecuencia: 2 d\u00edas a la semana\r<\/div><div class=\"ptp-bullet-item ptp-row-id-2\">Duraci\u00f3n: 12 semanas\r<\/div><div class=\"ptp-bullet-item ptp-row-id-3\">Profesor nativo<\/div><div class=\"ptp-cta\"><a class=\"ptp-button ptp-checkout-button\" id=\"ptp-88-cta-0\"  href=\"http:\/\/konigin.es\/?page_id=79&#038;lang=es\" >+ Info<\/a><\/div><\/div><\/div><div class=\"ptp-col ptp-four-col  ptp-col-id-1 dh-ptp-col-id-1\"><div class=\"ptp-not-most-popular\">&nbsp;<\/div><div class=\"ptp-item-container\"><div class=\"ptp-plan\">Curso semi-intensivo<\/div><div class=\"ptp-price\">1.5 horas\/d\u00eda<\/div><div class=\"ptp-bullet-item ptp-row-id-0\">30 horas al mes\r<\/div><div class=\"ptp-bullet-item ptp-row-id-1\">Frecuencia: 3 d\u00edas a la semana\r<\/div><div class=\"ptp-bullet-item ptp-row-id-2\">Duraci\u00f3n: 12 semanas\r<\/div><div class=\"ptp-bullet-item ptp-row-id-3\">Profesor nativo<\/div><div class=\"ptp-cta\"><a class=\"ptp-button ptp-checkout-button\" id=\"ptp-88-cta-1\"  href=\"http:\/\/konigin.es\/?page_id=79&#038;lang=es\" >+ Info<\/a><\/div><\/div><\/div><div class=\"ptp-col ptp-four-col  ptp-col-id-2 dh-ptp-col-id-2\"><div class=\"ptp-not-most-popular\">&nbsp;<\/div><div class=\"ptp-item-container\"><div class=\"ptp-plan\">Curso intensivo<\/div><div class=\"ptp-price\">4 horas\/d\u00eda<\/div><div class=\"ptp-bullet-item ptp-row-id-0\">80 horas al mes\r<\/div><div class=\"ptp-bullet-item ptp-row-id-1\">Frecuencia: 5 d\u00edas a la semana\r<\/div><div class=\"ptp-bullet-item ptp-row-id-2\">Duraci\u00f3n: 12 semanas\r<\/div><div class=\"ptp-bullet-item ptp-row-id-3\">Profesor nativo<\/div><div class=\"ptp-cta\"><a class=\"ptp-button ptp-checkout-button\" id=\"ptp-88-cta-2\"  href=\"http:\/\/konigin.es\/?page_id=79&#038;lang=es\" >+ Info<\/a><\/div><\/div><\/div><div class=\"ptp-col ptp-four-col  ptp-col-id-3 dh-ptp-col-id-3\"><div class=\"ptp-not-most-popular\">&nbsp;<\/div><div class=\"ptp-item-container\"><div class=\"ptp-plan\">Clases privadas<\/div><div class=\"ptp-price\">Personalizadas<\/div><div class=\"ptp-bullet-item ptp-row-id-0\">Libre elecci\u00f3n de fechas y horarios\r<\/div><div class=\"ptp-bullet-item ptp-row-id-1\">Frecuencia: personalizada\r<\/div><div class=\"ptp-bullet-item ptp-row-id-2\">Duraci\u00f3n: personalizada\r<\/div><div class=\"ptp-bullet-item ptp-row-id-3\">Profesor nativo<\/div><div class=\"ptp-cta\"><a class=\"ptp-button ptp-checkout-button\" id=\"ptp-88-cta-3\"  href=\"http:\/\/konigin.es\/?page_id=79&#038;lang=es\" >+ Info<\/a><\/div><\/div><\/div><\/div>\n","protected":false},"excerpt":{"rendered":"<p>Ingl\u00e9s, alem\u00e1n, ruso, franc\u00e9s&#8230; \u00a1No pierdas otra oportunidad laboral por los idiomas! Centro de Estudios K\u00f6nigin Torrevieja te garantiza que [&hellip;]<\/p>\n","protected":false},"author":1,"featured_media":103,"parent":0,"menu_order":0,"comment_status":"closed","ping_status":"closed","template":"","meta":{"site-sidebar-layout":"default","site-content-layout":"","ast-site-content-layout":"","site-content-style":"default","site-sidebar-style":"default","ast-global-header-display":"","ast-banner-title-visibility":"","ast-main-header-display":"","ast-hfb-above-header-display":"","ast-hfb-below-header-display":"","ast-hfb-mobile-header-display":"","site-post-title":"","ast-breadcrumbs-content":"","ast-featured-img":"disabled","footer-sml-layout":"","theme-transparent-header-meta":"","adv-header-id-meta":"","stick-header-meta":"","header-above-stick-meta":"","header-main-stick-meta":"","header-below-stick-meta":"","astra-migrate-meta-layouts":"default","ast-page-background-enabled":"default","ast-page-background-meta":{"desktop":{"background-color":"var(--ast-global-color-4)","background-image":"","background-repeat":"repeat","background-position":"center center","background-size":"auto","background-attachment":"scroll","background-type":"","background-media":"","overlay-type":"","overlay-color":"","overlay-opacity":"","overlay-gradient":""},"tablet":{"background-color":"","background-image":"","background-repeat":"repeat","background-position":"center center","background-size":"auto","background-attachment":"scroll","background-type":"","background-media":"","overlay-type":"","overlay-color":"","overlay-opacity":"","overlay-gradient":""},"mobile":{"background-color":"","background-image":"","background-repeat":"repeat","background-position":"center center","background-size":"auto","background-attachment":"scroll","background-type":"","background-media":"","overlay-type":"","overlay-color":"","overlay-opacity":"","overlay-gradient":""}},"ast-content-background-meta":{"desktop":{"background-color":"var(--ast-global-color-5)","background-image":"","background-repeat":"repeat","background-position":"center center","background-size":"auto","background-attachment":"scroll","background-type":"","background-media":"","overlay-type":"","overlay-color":"","overlay-opacity":"","overlay-gradient":""},"tablet":{"background-color":"var(--ast-global-color-5)","background-image":"","background-repeat":"repeat","background-position":"center center","background-size":"auto","background-attachment":"scroll","background-type":"","background-media":"","overlay-type":"","overlay-color":"","overlay-opacity":"","overlay-gradient":""},"mobile":{"background-color":"var(--ast-global-color-5)","background-image":"","background-repeat":"repeat","background-position":"center center","background-size":"auto","background-attachment":"scroll","background-type":"","background-media":"","overlay-type":"","overlay-color":"","overlay-opacity":"","overlay-gradient":""}},"footnotes":""},"class_list":["post-86","page","type-page","status-publish","has-post-thumbnail","hentry"],"_links":{"self":[{"href":"https:\/\/konigin.es\/index.php?rest_route=\/wp\/v2\/pages\/86","targetHints":{"allow":["GET"]}}],"collection":[{"href":"https:\/\/konigin.es\/index.php?rest_route=\/wp\/v2\/pages"}],"about":[{"href":"https:\/\/konigin.es\/index.php?rest_route=\/wp\/v2\/types\/page"}],"author":[{"embeddable":true,"href":"https:\/\/konigin.es\/index.php?rest_route=\/wp\/v2\/users\/1"}],"replies":[{"embeddable":true,"href":"https:\/\/konigin.es\/index.php?rest_route=%2Fwp%2Fv2%2Fcomments&post=86"}],"version-history":[{"count":6,"href":"https:\/\/konigin.es\/index.php?rest_route=\/wp\/v2\/pages\/86\/revisions"}],"predecessor-version":[{"id":3024,"href":"https:\/\/konigin.es\/index.php?rest_route=\/wp\/v2\/pages\/86\/revisions\/3024"}],"wp:featuredmedia":[{"embeddable":true,"href":"https:\/\/konigin.es\/index.php?rest_route=\/wp\/v2\/media\/103"}],"wp:attachment":[{"href":"https:\/\/konigin.es\/index.php?rest_route=%2Fwp%2Fv2%2Fmedia&parent=86"}],"curies":[{"name":"wp","href":"https:\/\/api.w.org\/{rel}","templated":true}]}}