{"id":202,"date":"2016-06-02T11:30:23","date_gmt":"2016-06-02T09:30:23","guid":{"rendered":"http:\/\/prueba.noticias20.com\/wp\/?page_id=202"},"modified":"2016-06-02T11:31:19","modified_gmt":"2016-06-02T09:31:19","slug":"servicios","status":"publish","type":"page","link":"https:\/\/konigin.es\/?page_id=202&lang=es","title":{"rendered":"Servicios"},"content":{"rendered":"<h3>Servicio de traducciones<\/h3>\n<p style=\"text-align: justify;\">Centro de Estudios K\u00f6nigin ofrece un servicio de traducci\u00f3n de documentos al espa\u00f1ol y desde el espa\u00f1ol a diversos idiomas. Asimismo, puede preguntar por nuestro servicio de traducci\u00f3n jurada ingl\u00e9s-espa\u00f1ol y espa\u00f1ol-ingl\u00e9s, con certificaci\u00f3n oficial para su uso ante la Administraci\u00f3n.<\/p>\n<h3>Servicios ofim\u00e1ticos y de Internet<\/h3>\n<p style=\"text-align: justify;\">Todos los estudiantes de Centro de Estudios K\u00f6nigin Torrevieja pueden utilizar de forma totalmente gratuita el aula de inform\u00e1tica con acceso a Internet, as\u00ed como la recepci\u00f3n de fax en recepci\u00f3n o e-mail.<\/p>\n<p style=\"text-align: justify;\">Tambi\u00e9n ofrecemos servicios de fotocopias o impresi\u00f3n por precios m\u00f3dicos.<\/p>\n","protected":false},"excerpt":{"rendered":"<p>Servicio de traducciones Centro de Estudios K\u00f6nigin ofrece un servicio de traducci\u00f3n de documentos al espa\u00f1ol y desde el espa\u00f1ol [&hellip;]<\/p>\n","protected":false},"author":1,"featured_media":0,"parent":0,"menu_order":0,"comment_status":"closed","ping_status":"closed","template":"","meta":{"site-sidebar-layout":"default","site-content-layout":"","ast-site-content-layout":"","site-content-style":"default","site-sidebar-style":"default","ast-global-header-display":"","ast-banner-title-visibility":"","ast-main-header-display":"","ast-hfb-above-header-display":"","ast-hfb-below-header-display":"","ast-hfb-mobile-header-display":"","site-post-title":"","ast-breadcrumbs-content":"","ast-featured-img":"disabled","footer-sml-layout":"","theme-transparent-header-meta":"","adv-header-id-meta":"","stick-header-meta":"","header-above-stick-meta":"","header-main-stick-meta":"","header-below-stick-meta":"","astra-migrate-meta-layouts":"default","ast-page-background-enabled":"default","ast-page-background-meta":{"desktop":{"background-color":"var(--ast-global-color-4)","background-image":"","background-repeat":"repeat","background-position":"center center","background-size":"auto","background-attachment":"scroll","background-type":"","background-media":"","overlay-type":"","overlay-color":"","overlay-opacity":"","overlay-gradient":""},"tablet":{"background-color":"","background-image":"","background-repeat":"repeat","background-position":"center center","background-size":"auto","background-attachment":"scroll","background-type":"","background-media":"","overlay-type":"","overlay-color":"","overlay-opacity":"","overlay-gradient":""},"mobile":{"background-color":"","background-image":"","background-repeat":"repeat","background-position":"center center","background-size":"auto","background-attachment":"scroll","background-type":"","background-media":"","overlay-type":"","overlay-color":"","overlay-opacity":"","overlay-gradient":""}},"ast-content-background-meta":{"desktop":{"background-color":"var(--ast-global-color-5)","background-image":"","background-repeat":"repeat","background-position":"center center","background-size":"auto","background-attachment":"scroll","background-type":"","background-media":"","overlay-type":"","overlay-color":"","overlay-opacity":"","overlay-gradient":""},"tablet":{"background-color":"var(--ast-global-color-5)","background-image":"","background-repeat":"repeat","background-position":"center center","background-size":"auto","background-attachment":"scroll","background-type":"","background-media":"","overlay-type":"","overlay-color":"","overlay-opacity":"","overlay-gradient":""},"mobile":{"background-color":"var(--ast-global-color-5)","background-image":"","background-repeat":"repeat","background-position":"center center","background-size":"auto","background-attachment":"scroll","background-type":"","background-media":"","overlay-type":"","overlay-color":"","overlay-opacity":"","overlay-gradient":""}},"footnotes":""},"class_list":["post-202","page","type-page","status-publish","hentry"],"_links":{"self":[{"href":"https:\/\/konigin.es\/index.php?rest_route=\/wp\/v2\/pages\/202","targetHints":{"allow":["GET"]}}],"collection":[{"href":"https:\/\/konigin.es\/index.php?rest_route=\/wp\/v2\/pages"}],"about":[{"href":"https:\/\/konigin.es\/index.php?rest_route=\/wp\/v2\/types\/page"}],"author":[{"embeddable":true,"href":"https:\/\/konigin.es\/index.php?rest_route=\/wp\/v2\/users\/1"}],"replies":[{"embeddable":true,"href":"https:\/\/konigin.es\/index.php?rest_route=%2Fwp%2Fv2%2Fcomments&post=202"}],"version-history":[{"count":1,"href":"https:\/\/konigin.es\/index.php?rest_route=\/wp\/v2\/pages\/202\/revisions"}],"predecessor-version":[{"id":203,"href":"https:\/\/konigin.es\/index.php?rest_route=\/wp\/v2\/pages\/202\/revisions\/203"}],"wp:attachment":[{"href":"https:\/\/konigin.es\/index.php?rest_route=%2Fwp%2Fv2%2Fmedia&parent=202"}],"curies":[{"name":"wp","href":"https:\/\/api.w.org\/{rel}","templated":true}]}}