{"id":184,"date":"2016-05-31T11:27:34","date_gmt":"2016-05-31T09:27:34","guid":{"rendered":"http:\/\/prueba.noticias20.com\/wp\/?page_id=184"},"modified":"2025-01-29T12:35:52","modified_gmt":"2025-01-29T11:35:52","slug":"cursos-gratuitos-para-empresas","status":"publish","type":"page","link":"https:\/\/konigin.es\/?page_id=184&lang=es","title":{"rendered":"Cursos gratuitos para empresas y trabajadores en activo"},"content":{"rendered":"<p style=\"text-align: justify;\"><a href=\"https:\/\/konigin.es\/wp\/wp-content\/uploads\/2016\/05\/cursos-para-empresas.jpg\"><img loading=\"lazy\" decoding=\"async\" class=\"wp-image-189 size-full aligncenter\" src=\"https:\/\/konigin.es\/wp\/wp-content\/uploads\/2016\/05\/cursos-para-empresas.jpg\" alt=\"cursos-para-empresas\" width=\"1200\" height=\"586\" srcset=\"https:\/\/konigin.es\/wp\/wp-content\/uploads\/2016\/05\/cursos-para-empresas.jpg 1200w, https:\/\/konigin.es\/wp\/wp-content\/uploads\/2016\/05\/cursos-para-empresas-300x147.jpg 300w, https:\/\/konigin.es\/wp\/wp-content\/uploads\/2016\/05\/cursos-para-empresas-768x375.jpg 768w, https:\/\/konigin.es\/wp\/wp-content\/uploads\/2016\/05\/cursos-para-empresas-1024x500.jpg 1024w\" sizes=\"auto, (max-width: 1200px) 100vw, 1200px\" \/><\/a><\/p>\n<p style=\"text-align: justify;\">\u00a1No dejes que tu empresa se quede atr\u00e1s! Centro de Estudios K\u00f6nigin ofrece cursos bonificados para empresas de la Fundaci\u00f3n Tripartita.<\/p>\n<p style=\"text-align: justify;\">Impartimos cursos <strong>100% presenciales<\/strong>, con un profesor especializado, que garantiza la \u00f3ptima asimilaci\u00f3n de conocimientos, la resoluci\u00f3n de dudas y el m\u00e1ximo aprovechamiento de la formaci\u00f3n. El curso se puede impartir tanto en nuestra academia como en las instalaciones de la empresa, en horarios adaptados a la jornada de los trabajadores.<\/p>\n<p style=\"text-align: justify;\">Asimismo, tambi\u00e9n disponemos de cursos bonificados en modalidad de teleformaci\u00f3n para mayor flexibilidad.<\/p>\n<p style=\"text-align: justify;\">Ingl\u00e9s, alem\u00e1n, ruso, inform\u00e1tica, ofim\u00e1tica&#8230; No dudes en consultarnos la especialidad que necesita tu empresa, tenemos un amplio cat\u00e1logo de cursos de reciclaje y formaci\u00f3n continua.<\/p>\n","protected":false},"excerpt":{"rendered":"<p>\u00a1No dejes que tu empresa se quede atr\u00e1s! Centro de Estudios K\u00f6nigin ofrece cursos bonificados para empresas de la Fundaci\u00f3n [&hellip;]<\/p>\n","protected":false},"author":1,"featured_media":189,"parent":0,"menu_order":0,"comment_status":"closed","ping_status":"closed","template":"","meta":{"site-sidebar-layout":"default","site-content-layout":"","ast-site-content-layout":"","site-content-style":"default","site-sidebar-style":"default","ast-global-header-display":"","ast-banner-title-visibility":"","ast-main-header-display":"","ast-hfb-above-header-display":"","ast-hfb-below-header-display":"","ast-hfb-mobile-header-display":"","site-post-title":"","ast-breadcrumbs-content":"","ast-featured-img":"disabled","footer-sml-layout":"","theme-transparent-header-meta":"","adv-header-id-meta":"","stick-header-meta":"","header-above-stick-meta":"","header-main-stick-meta":"","header-below-stick-meta":"","astra-migrate-meta-layouts":"default","ast-page-background-enabled":"default","ast-page-background-meta":{"desktop":{"background-color":"var(--ast-global-color-4)","background-image":"","background-repeat":"repeat","background-position":"center center","background-size":"auto","background-attachment":"scroll","background-type":"","background-media":"","overlay-type":"","overlay-color":"","overlay-opacity":"","overlay-gradient":""},"tablet":{"background-color":"","background-image":"","background-repeat":"repeat","background-position":"center center","background-size":"auto","background-attachment":"scroll","background-type":"","background-media":"","overlay-type":"","overlay-color":"","overlay-opacity":"","overlay-gradient":""},"mobile":{"background-color":"","background-image":"","background-repeat":"repeat","background-position":"center center","background-size":"auto","background-attachment":"scroll","background-type":"","background-media":"","overlay-type":"","overlay-color":"","overlay-opacity":"","overlay-gradient":""}},"ast-content-background-meta":{"desktop":{"background-color":"var(--ast-global-color-5)","background-image":"","background-repeat":"repeat","background-position":"center center","background-size":"auto","background-attachment":"scroll","background-type":"","background-media":"","overlay-type":"","overlay-color":"","overlay-opacity":"","overlay-gradient":""},"tablet":{"background-color":"var(--ast-global-color-5)","background-image":"","background-repeat":"repeat","background-position":"center center","background-size":"auto","background-attachment":"scroll","background-type":"","background-media":"","overlay-type":"","overlay-color":"","overlay-opacity":"","overlay-gradient":""},"mobile":{"background-color":"var(--ast-global-color-5)","background-image":"","background-repeat":"repeat","background-position":"center center","background-size":"auto","background-attachment":"scroll","background-type":"","background-media":"","overlay-type":"","overlay-color":"","overlay-opacity":"","overlay-gradient":""}},"footnotes":""},"class_list":["post-184","page","type-page","status-publish","has-post-thumbnail","hentry"],"_links":{"self":[{"href":"https:\/\/konigin.es\/index.php?rest_route=\/wp\/v2\/pages\/184","targetHints":{"allow":["GET"]}}],"collection":[{"href":"https:\/\/konigin.es\/index.php?rest_route=\/wp\/v2\/pages"}],"about":[{"href":"https:\/\/konigin.es\/index.php?rest_route=\/wp\/v2\/types\/page"}],"author":[{"embeddable":true,"href":"https:\/\/konigin.es\/index.php?rest_route=\/wp\/v2\/users\/1"}],"replies":[{"embeddable":true,"href":"https:\/\/konigin.es\/index.php?rest_route=%2Fwp%2Fv2%2Fcomments&post=184"}],"version-history":[{"count":6,"href":"https:\/\/konigin.es\/index.php?rest_route=\/wp\/v2\/pages\/184\/revisions"}],"predecessor-version":[{"id":3026,"href":"https:\/\/konigin.es\/index.php?rest_route=\/wp\/v2\/pages\/184\/revisions\/3026"}],"wp:featuredmedia":[{"embeddable":true,"href":"https:\/\/konigin.es\/index.php?rest_route=\/wp\/v2\/media\/189"}],"wp:attachment":[{"href":"https:\/\/konigin.es\/index.php?rest_route=%2Fwp%2Fv2%2Fmedia&parent=184"}],"curies":[{"name":"wp","href":"https:\/\/api.w.org\/{rel}","templated":true}]}}