{"id":176,"date":"2016-05-31T11:04:57","date_gmt":"2016-05-31T09:04:57","guid":{"rendered":"http:\/\/prueba.noticias20.com\/wp\/?page_id=176"},"modified":"2017-03-08T17:19:58","modified_gmt":"2017-03-08T15:19:58","slug":"hobbys","status":"publish","type":"page","link":"https:\/\/konigin.es\/?page_id=176&lang=es","title":{"rendered":"Hobbys"},"content":{"rendered":"<p style=\"text-align: justify;\"><a href=\"https:\/\/konigin.es\/wp\/wp-content\/uploads\/2016\/05\/cursos-reposteria-creativa.jpg\"><img loading=\"lazy\" decoding=\"async\" class=\"wp-image-209 size-full aligncenter\" src=\"https:\/\/konigin.es\/wp\/wp-content\/uploads\/2016\/05\/cursos-reposteria-creativa.jpg\" alt=\"cursos-reposteria-creativa\" width=\"1200\" height=\"433\" srcset=\"https:\/\/konigin.es\/wp\/wp-content\/uploads\/2016\/05\/cursos-reposteria-creativa.jpg 1200w, https:\/\/konigin.es\/wp\/wp-content\/uploads\/2016\/05\/cursos-reposteria-creativa-300x108.jpg 300w, https:\/\/konigin.es\/wp\/wp-content\/uploads\/2016\/05\/cursos-reposteria-creativa-768x277.jpg 768w, https:\/\/konigin.es\/wp\/wp-content\/uploads\/2016\/05\/cursos-reposteria-creativa-1024x369.jpg 1024w\" sizes=\"auto, (max-width: 1200px) 100vw, 1200px\" \/><\/a><\/p>\n<p style=\"text-align: justify;\">\u00a1Da rienda suelta a tu creatividad! En Centro de Estudios K\u00f6nigin tambi\u00e9n te ofrecemos cursos donde prima lo art\u00edstico para que saques el m\u00e1ximo partido a tus aficiones.<\/p>\n<p style=\"text-align: justify;\">\u25ba Reposter\u00eda creativa.<br \/>\n\u25ba Cocina.<br \/>\n\u25ba Ganchillo.<br \/>\n\u25ba Costura.<br \/>\n\u25ba Meditaci\u00f3n y bienestar.<br \/>\n\u25ba Escritura creativa.<br \/>\n\u25ba Creaci\u00f3n de blogs.<\/p>\n<p>Pregunta por tu especialidad favorita, contamos con profesores cualificados y experimentados para ayudarte. \u00a1El l\u00edmite lo pone tu imaginaci\u00f3n!<\/p>\n","protected":false},"excerpt":{"rendered":"<p>\u00a1Da rienda suelta a tu creatividad! En Centro de Estudios K\u00f6nigin tambi\u00e9n te ofrecemos cursos donde prima lo art\u00edstico para [&hellip;]<\/p>\n","protected":false},"author":1,"featured_media":209,"parent":0,"menu_order":0,"comment_status":"closed","ping_status":"closed","template":"","meta":{"site-sidebar-layout":"default","site-content-layout":"","ast-site-content-layout":"","site-content-style":"default","site-sidebar-style":"default","ast-global-header-display":"","ast-banner-title-visibility":"","ast-main-header-display":"","ast-hfb-above-header-display":"","ast-hfb-below-header-display":"","ast-hfb-mobile-header-display":"","site-post-title":"","ast-breadcrumbs-content":"","ast-featured-img":"disabled","footer-sml-layout":"","theme-transparent-header-meta":"","adv-header-id-meta":"","stick-header-meta":"","header-above-stick-meta":"","header-main-stick-meta":"","header-below-stick-meta":"","astra-migrate-meta-layouts":"default","ast-page-background-enabled":"default","ast-page-background-meta":{"desktop":{"background-color":"var(--ast-global-color-4)","background-image":"","background-repeat":"repeat","background-position":"center center","background-size":"auto","background-attachment":"scroll","background-type":"","background-media":"","overlay-type":"","overlay-color":"","overlay-opacity":"","overlay-gradient":""},"tablet":{"background-color":"","background-image":"","background-repeat":"repeat","background-position":"center center","background-size":"auto","background-attachment":"scroll","background-type":"","background-media":"","overlay-type":"","overlay-color":"","overlay-opacity":"","overlay-gradient":""},"mobile":{"background-color":"","background-image":"","background-repeat":"repeat","background-position":"center center","background-size":"auto","background-attachment":"scroll","background-type":"","background-media":"","overlay-type":"","overlay-color":"","overlay-opacity":"","overlay-gradient":""}},"ast-content-background-meta":{"desktop":{"background-color":"var(--ast-global-color-5)","background-image":"","background-repeat":"repeat","background-position":"center center","background-size":"auto","background-attachment":"scroll","background-type":"","background-media":"","overlay-type":"","overlay-color":"","overlay-opacity":"","overlay-gradient":""},"tablet":{"background-color":"var(--ast-global-color-5)","background-image":"","background-repeat":"repeat","background-position":"center center","background-size":"auto","background-attachment":"scroll","background-type":"","background-media":"","overlay-type":"","overlay-color":"","overlay-opacity":"","overlay-gradient":""},"mobile":{"background-color":"var(--ast-global-color-5)","background-image":"","background-repeat":"repeat","background-position":"center center","background-size":"auto","background-attachment":"scroll","background-type":"","background-media":"","overlay-type":"","overlay-color":"","overlay-opacity":"","overlay-gradient":""}},"footnotes":""},"class_list":["post-176","page","type-page","status-publish","has-post-thumbnail","hentry"],"_links":{"self":[{"href":"https:\/\/konigin.es\/index.php?rest_route=\/wp\/v2\/pages\/176","targetHints":{"allow":["GET"]}}],"collection":[{"href":"https:\/\/konigin.es\/index.php?rest_route=\/wp\/v2\/pages"}],"about":[{"href":"https:\/\/konigin.es\/index.php?rest_route=\/wp\/v2\/types\/page"}],"author":[{"embeddable":true,"href":"https:\/\/konigin.es\/index.php?rest_route=\/wp\/v2\/users\/1"}],"replies":[{"embeddable":true,"href":"https:\/\/konigin.es\/index.php?rest_route=%2Fwp%2Fv2%2Fcomments&post=176"}],"version-history":[{"count":3,"href":"https:\/\/konigin.es\/index.php?rest_route=\/wp\/v2\/pages\/176\/revisions"}],"predecessor-version":[{"id":312,"href":"https:\/\/konigin.es\/index.php?rest_route=\/wp\/v2\/pages\/176\/revisions\/312"}],"wp:featuredmedia":[{"embeddable":true,"href":"https:\/\/konigin.es\/index.php?rest_route=\/wp\/v2\/media\/209"}],"wp:attachment":[{"href":"https:\/\/konigin.es\/index.php?rest_route=%2Fwp%2Fv2%2Fmedia&parent=176"}],"curies":[{"name":"wp","href":"https:\/\/api.w.org\/{rel}","templated":true}]}}