{"id":157,"date":"2016-05-25T16:50:12","date_gmt":"2016-05-25T14:50:12","guid":{"rendered":"http:\/\/prueba.noticias20.com\/wp\/?page_id=157"},"modified":"2017-03-08T17:20:16","modified_gmt":"2017-03-08T15:20:16","slug":"informatica","status":"publish","type":"page","link":"https:\/\/konigin.es\/?page_id=157&lang=es","title":{"rendered":"Inform\u00e1tica"},"content":{"rendered":"<p style=\"text-align: justify;\"><a href=\"https:\/\/konigin.es\/wp\/wp-content\/uploads\/2016\/05\/informatica.jpg\"><img loading=\"lazy\" decoding=\"async\" class=\"wp-image-166 size-full aligncenter\" src=\"https:\/\/konigin.es\/wp\/wp-content\/uploads\/2016\/05\/informatica.jpg\" alt=\"informatica\" width=\"1200\" height=\"644\" srcset=\"https:\/\/konigin.es\/wp\/wp-content\/uploads\/2016\/05\/informatica.jpg 1200w, https:\/\/konigin.es\/wp\/wp-content\/uploads\/2016\/05\/informatica-300x161.jpg 300w, https:\/\/konigin.es\/wp\/wp-content\/uploads\/2016\/05\/informatica-768x412.jpg 768w, https:\/\/konigin.es\/wp\/wp-content\/uploads\/2016\/05\/informatica-1024x550.jpg 1024w\" sizes=\"auto, (max-width: 1200px) 100vw, 1200px\" \/><\/a><\/p>\n<p style=\"text-align: justify;\">\u00a1Disfruta de la flexibilidad de aprender cuando quieras, sin horarios fijos! K\u00f6nigin Torrevieja te lo pone f\u00e1cil y te ofrece un sistema de bonos para que aprendas inform\u00e1tica, ofim\u00e1tica y nuevas tecnolog\u00edas a tu ritmo, sin imposiciones.<\/p>\n<p style=\"text-align: justify;\">\u25ba Ofim\u00e1tica<br \/>\n\u25ba Mecanograf\u00eda<br \/>\n\u25ba M\u00f3vil, smartphone y tablet<br \/>\n\u25ba Programaci\u00f3n<br \/>\n\u25ba Dise\u00f1o web<br \/>\n\u25ba Promociones especiales para + 55 a\u00f1os<br \/>\n\u25ba Cursos especiales para ni\u00f1os<\/p>\n","protected":false},"excerpt":{"rendered":"<p>\u00a1Disfruta de la flexibilidad de aprender cuando quieras, sin horarios fijos! K\u00f6nigin Torrevieja te lo pone f\u00e1cil y te ofrece [&hellip;]<\/p>\n","protected":false},"author":1,"featured_media":166,"parent":0,"menu_order":0,"comment_status":"closed","ping_status":"closed","template":"","meta":{"site-sidebar-layout":"default","site-content-layout":"","ast-site-content-layout":"","site-content-style":"default","site-sidebar-style":"default","ast-global-header-display":"","ast-banner-title-visibility":"","ast-main-header-display":"","ast-hfb-above-header-display":"","ast-hfb-below-header-display":"","ast-hfb-mobile-header-display":"","site-post-title":"","ast-breadcrumbs-content":"","ast-featured-img":"disabled","footer-sml-layout":"","theme-transparent-header-meta":"","adv-header-id-meta":"","stick-header-meta":"","header-above-stick-meta":"","header-main-stick-meta":"","header-below-stick-meta":"","astra-migrate-meta-layouts":"default","ast-page-background-enabled":"default","ast-page-background-meta":{"desktop":{"background-color":"var(--ast-global-color-4)","background-image":"","background-repeat":"repeat","background-position":"center center","background-size":"auto","background-attachment":"scroll","background-type":"","background-media":"","overlay-type":"","overlay-color":"","overlay-opacity":"","overlay-gradient":""},"tablet":{"background-color":"","background-image":"","background-repeat":"repeat","background-position":"center center","background-size":"auto","background-attachment":"scroll","background-type":"","background-media":"","overlay-type":"","overlay-color":"","overlay-opacity":"","overlay-gradient":""},"mobile":{"background-color":"","background-image":"","background-repeat":"repeat","background-position":"center center","background-size":"auto","background-attachment":"scroll","background-type":"","background-media":"","overlay-type":"","overlay-color":"","overlay-opacity":"","overlay-gradient":""}},"ast-content-background-meta":{"desktop":{"background-color":"var(--ast-global-color-5)","background-image":"","background-repeat":"repeat","background-position":"center center","background-size":"auto","background-attachment":"scroll","background-type":"","background-media":"","overlay-type":"","overlay-color":"","overlay-opacity":"","overlay-gradient":""},"tablet":{"background-color":"var(--ast-global-color-5)","background-image":"","background-repeat":"repeat","background-position":"center center","background-size":"auto","background-attachment":"scroll","background-type":"","background-media":"","overlay-type":"","overlay-color":"","overlay-opacity":"","overlay-gradient":""},"mobile":{"background-color":"var(--ast-global-color-5)","background-image":"","background-repeat":"repeat","background-position":"center center","background-size":"auto","background-attachment":"scroll","background-type":"","background-media":"","overlay-type":"","overlay-color":"","overlay-opacity":"","overlay-gradient":""}},"footnotes":""},"class_list":["post-157","page","type-page","status-publish","has-post-thumbnail","hentry"],"_links":{"self":[{"href":"https:\/\/konigin.es\/index.php?rest_route=\/wp\/v2\/pages\/157","targetHints":{"allow":["GET"]}}],"collection":[{"href":"https:\/\/konigin.es\/index.php?rest_route=\/wp\/v2\/pages"}],"about":[{"href":"https:\/\/konigin.es\/index.php?rest_route=\/wp\/v2\/types\/page"}],"author":[{"embeddable":true,"href":"https:\/\/konigin.es\/index.php?rest_route=\/wp\/v2\/users\/1"}],"replies":[{"embeddable":true,"href":"https:\/\/konigin.es\/index.php?rest_route=%2Fwp%2Fv2%2Fcomments&post=157"}],"version-history":[{"count":3,"href":"https:\/\/konigin.es\/index.php?rest_route=\/wp\/v2\/pages\/157\/revisions"}],"predecessor-version":[{"id":313,"href":"https:\/\/konigin.es\/index.php?rest_route=\/wp\/v2\/pages\/157\/revisions\/313"}],"wp:featuredmedia":[{"embeddable":true,"href":"https:\/\/konigin.es\/index.php?rest_route=\/wp\/v2\/media\/166"}],"wp:attachment":[{"href":"https:\/\/konigin.es\/index.php?rest_route=%2Fwp%2Fv2%2Fmedia&parent=157"}],"curies":[{"name":"wp","href":"https:\/\/api.w.org\/{rel}","templated":true}]}}